{"id":9296,"date":"2025-02-03T11:11:42","date_gmt":"2025-02-03T10:11:42","guid":{"rendered":"https:\/\/mangomobi.com\/privacy-policy\/"},"modified":"2025-02-03T11:13:50","modified_gmt":"2025-02-03T10:13:50","slug":"privacy-policy","status":"publish","type":"page","link":"https:\/\/mangomobi.com\/en\/privacy-policy\/","title":{"rendered":"Privacy Policy"},"content":{"rendered":"<div class=\"wpb-content-wrapper\">[vc_row][vc_column][vc_column_text uncode_shortcode_id=&#8221;126294&#8243;]\n&#13;\n<h2 class=\"wp-block-heading\">Information on the processing of personal data in accordance with Art. 13 of EU Regulation 2016\/679 (GDPR)<\/h2>&#13;\n<p>Ultimo aggiornamento: 3 febbraio 2025<\/p>&#13;\n<h3>1. Data Controller<\/h3>&#13;\n<p>Mango Mobile S.r.l.<br\/>Sede legale: Corso U. Comandini 31, Cesena (FC)<br\/>P.IVA: 04527390407<br\/>Email: info@mangomobi.com<br\/>PEC: mangomobile@pec.it<\/p>&#13;\n<p>Il Titolare del Trattamento si impegna a proteggere la privacy degli utenti e si impegna al rispetto della normativa in materia di protezione dei dati personali (Regolamento UE 2016\/679 &#8211; GDPR).<\/p>&#13;\n<h3>2. Purpose of Processing.<\/h3>&#13;\n<p>I dati personali sono trattati per le seguenti finalit\u00e0:<br\/>a) Consentire la navigazione sul sito web e garantirne il corretto funzionamento<br\/>b) Garantire la sicurezza del sito web e prevenire attivit\u00e0 fraudolente<br\/>c) Adempiere a obblighi di legge<br\/>d) Esercitare i diritti del Titolare, ad esempio il diritto di difesa in giudizio<\/p>&#13;\n<h3>3. Types of Data Collected and Legal Basis<\/h3>&#13;\n<h4>3.1 Navigation data<\/h4>&#13;\n<p>Durante la normale navigazione del sito vengono raccolti alcuni dati tecnici, la cui trasmissione \u00e8 implicita nell&#8217;uso dei protocolli di comunicazione di Internet:<br\/>&#8211; Indirizzi IP<br\/>&#8211; Nomi a dominio dei computer utilizzati<br\/>&#8211; Indirizzi URI\/URL delle risorse richieste<br\/>&#8211; Orario della richiesta<br\/>&#8211; Metodo utilizzato per sottoporre la richiesta al server<br\/>&#8211; Dimensione del file ottenuto in risposta<br\/>&#8211; Codice numerico indicante lo stato della risposta del server<br\/>&#8211; Altri parametri relativi al sistema operativo e all&#8217;ambiente informatico dell&#8217;utente<\/p>&#13;\n<p>Base giuridica: legittimo interesse del titolare (Art. 6, par. 1, lett. f) GDPR) per garantire il corretto funzionamento e la sicurezza del sito.<\/p>&#13;\n<h4>3.2 Cookies<\/h4>&#13;\n<p>Il sito utilizza esclusivamente cookie tecnici necessari, la cui base giuridica \u00e8 il legittimo interesse del titolare. Non vengono utilizzati cookie di profilazione n\u00e9 sistemi di tracciamento per finalit\u00e0 di marketing.<\/p>&#13;\n<h3>4. Mode of Treatment<\/h3>&#13;\n<p>Il trattamento dei dati personali viene effettuato mediante strumenti informatici nel rispetto dei principi di liceit\u00e0, correttezza e trasparenza, minimizzazione dei dati, limitazione della conservazione, integrit\u00e0 e riservatezza, responsabilizzazione previsti dal GDPR.<\/p>&#13;\n<h3>5. Security Measures.<\/h3>&#13;\n<p>Il Titolare ha adottato adeguate misure di sicurezza tecniche e organizzative per proteggere i dati personali da accessi non autorizzati, alterazione, divulgazione, perdita o distruzione accidentale o illecita.<\/p>&#13;\n<h3>6. Retention Period.<\/h3>&#13;\n<p>I dati di navigazione vengono conservati per il tempo strettamente necessario al raggiungimento delle finalit\u00e0 per cui sono raccolti e successivamente cancellati o resi anonimi, salvo che la loro ulteriore conservazione sia necessaria per:<br\/>&#8211; Adempiere a specifici obblighi di legge<br\/>&#8211; Accertare, esercitare o difendere un diritto in sede giudiziaria<\/p>&#13;\n<h3>7. Recipients of the Data<\/h3>&#13;\n<p>I dati raccolti non saranno diffusi e potranno essere comunicati a:<br\/>&#8211; Soggetti che agiscono in qualit\u00e0 di responsabili del trattamento (come fornitori di servizi tecnici)<br\/>&#8211; Soggetti, enti o autorit\u00e0 a cui sia obbligatorio comunicare i dati in forza di disposizioni di legge o di ordini delle autorit\u00e0<\/p>&#13;\n<h3>8. Transfer of Data<\/h3>&#13;\n<p>I dati personali sono trattati e conservati su server ubicati all&#8217;interno dell&#8217;Unione Europea. Non \u00e8 previsto il trasferimento dei dati in paesi extra-UE.<\/p>&#13;\n<h3>9. Rights of the Interested Parties<\/h3>&#13;\n<p>In qualit\u00e0 di interessato, hai il diritto di:<br\/>&#8211; Accesso (Art. 15 GDPR)<br\/>&#8211; Rettifica (Art. 16 GDPR)<br\/>&#8211; Cancellazione &#8211; &#8220;diritto all&#8217;oblio&#8221; (Art. 17 GDPR)<br\/>&#8211; Limitazione del trattamento (Art. 18 GDPR)<br\/>&#8211; Portabilit\u00e0 dei dati (Art. 20 GDPR)<br\/>&#8211; Opposizione (Art. 21 GDPR)<br\/>&#8211; Non essere sottoposto a processo decisionale automatizzato (Art. 22 GDPR)<\/p>&#13;\n<p>Per esercitare i tuoi diritti puoi contattare il Titolare ai recapiti indicati nella presente informativa. Hai inoltre il diritto di proporre reclamo all&#8217;Autorit\u00e0 Garante per la protezione dei dati personali (www.garanteprivacy.it).<\/p>&#13;\n<h3>10. Changes to the Disclosure<\/h3>&#13;\n<p>Il Titolare si riserva il diritto di modificare, aggiornare o integrare la presente Informativa, in tutto o in parte, anche in considerazione di eventuali modifiche normative. Le modifiche saranno pubblicate su questa pagina con indicazione della data di aggiornamento. Ti invitiamo pertanto a consultare periodicamente questa pagina.<\/p>&#13;\n<h3>11. Contact<\/h3>&#13;\n<p>Per qualsiasi informazione, chiarimento o richiesta in merito al trattamento dei tuoi dati personali puoi contattare il Titolare ai seguenti recapiti:<br\/>&#8211; Email: info@mangomobi.com<br\/>&#8211; PEC: mangomobile@pec.it<br\/>&#8211; Indirizzo: Corso U. Comandini 31, Cesena (FC)<\/p>&#13;\n<p>&nbsp;<\/p>\n<p>[\/vc_column_text][\/vc_column][\/vc_row]<\/p>\n<\/div>","protected":false},"excerpt":{"rendered":"<p>[vc_row][vc_column][vc_column_text uncode_shortcode_id=&#8221;126294&#8243;] &#13; Information on the processing of personal data in accordance with Art. 13 of EU Regulation 2016\/679 (GDPR) [&hellip;]<\/p>\n","protected":false},"author":1,"featured_media":0,"parent":0,"menu_order":0,"comment_status":"closed","ping_status":"open","template":"","meta":{"footnotes":""},"class_list":["post-9296","page","type-page","status-publish","hentry"],"yoast_head":"<!-- This site is optimized with the Yoast SEO plugin v26.5 - https:\/\/yoast.com\/wordpress\/plugins\/seo\/ -->\n<title>Privacy Policy - Mango Mobile Agency<\/title>\n<meta name=\"robots\" content=\"index, follow, max-snippet:-1, max-image-preview:large, max-video-preview:-1\" \/>\n<link rel=\"canonical\" href=\"https:\/\/mangomobi.com\/en\/privacy-policy\/\" \/>\n<meta property=\"og:locale\" content=\"en_US\" \/>\n<meta property=\"og:type\" content=\"article\" \/>\n<meta property=\"og:title\" content=\"Privacy Policy - Mango Mobile Agency\" \/>\n<meta property=\"og:description\" content=\"[vc_row][vc_column][vc_column_text uncode_shortcode_id=&#8221;126294&#8243;] &#013; Information on the processing of personal data in accordance with Art. 13 of EU Regulation 2016\/679 (GDPR) [&hellip;]\" \/>\n<meta property=\"og:url\" content=\"https:\/\/mangomobi.com\/en\/privacy-policy\/\" \/>\n<meta property=\"og:site_name\" content=\"Mango Mobile Agency\" \/>\n<meta property=\"article:publisher\" content=\"https:\/\/www.facebook.com\/mangomobi\" \/>\n<meta property=\"article:modified_time\" content=\"2025-02-03T10:13:50+00:00\" \/>\n<meta name=\"twitter:card\" content=\"summary_large_image\" \/>\n<meta name=\"twitter:site\" content=\"@showtime_mango\" \/>\n<meta name=\"twitter:label1\" content=\"Est. reading time\" \/>\n\t<meta name=\"twitter:data1\" content=\"3 minutes\" \/>\n<script type=\"application\/ld+json\" class=\"yoast-schema-graph\">{\"@context\":\"https:\/\/schema.org\",\"@graph\":[{\"@type\":\"WebPage\",\"@id\":\"https:\/\/mangomobi.com\/en\/privacy-policy\/\",\"url\":\"https:\/\/mangomobi.com\/en\/privacy-policy\/\",\"name\":\"Privacy Policy - Mango Mobile Agency\",\"isPartOf\":{\"@id\":\"https:\/\/mangomobi.com\/en\/#website\"},\"datePublished\":\"2025-02-03T10:11:42+00:00\",\"dateModified\":\"2025-02-03T10:13:50+00:00\",\"breadcrumb\":{\"@id\":\"https:\/\/mangomobi.com\/en\/privacy-policy\/#breadcrumb\"},\"inLanguage\":\"en-US\",\"potentialAction\":[{\"@type\":\"ReadAction\",\"target\":[\"https:\/\/mangomobi.com\/en\/privacy-policy\/\"]}]},{\"@type\":\"BreadcrumbList\",\"@id\":\"https:\/\/mangomobi.com\/en\/privacy-policy\/#breadcrumb\",\"itemListElement\":[{\"@type\":\"ListItem\",\"position\":1,\"name\":\"Home\",\"item\":\"https:\/\/mangomobi.com\/en\/mango-mobile-agency\/\"},{\"@type\":\"ListItem\",\"position\":2,\"name\":\"Privacy Policy\"}]},{\"@type\":\"WebSite\",\"@id\":\"https:\/\/mangomobi.com\/en\/#website\",\"url\":\"https:\/\/mangomobi.com\/en\/\",\"name\":\"Mango Mobile Agency\",\"description\":\"tecnologia, design e comunicazione\",\"potentialAction\":[{\"@type\":\"SearchAction\",\"target\":{\"@type\":\"EntryPoint\",\"urlTemplate\":\"https:\/\/mangomobi.com\/en\/?s={search_term_string}\"},\"query-input\":{\"@type\":\"PropertyValueSpecification\",\"valueRequired\":true,\"valueName\":\"search_term_string\"}}],\"inLanguage\":\"en-US\"}]}<\/script>\n<!-- \/ Yoast SEO plugin. -->","yoast_head_json":{"title":"Privacy Policy - Mango Mobile Agency","robots":{"index":"index","follow":"follow","max-snippet":"max-snippet:-1","max-image-preview":"max-image-preview:large","max-video-preview":"max-video-preview:-1"},"canonical":"https:\/\/mangomobi.com\/en\/privacy-policy\/","og_locale":"en_US","og_type":"article","og_title":"Privacy Policy - Mango Mobile Agency","og_description":"[vc_row][vc_column][vc_column_text uncode_shortcode_id=&#8221;126294&#8243;] &#13; Information on the processing of personal data in accordance with Art. 13 of EU Regulation 2016\/679 (GDPR) [&hellip;]","og_url":"https:\/\/mangomobi.com\/en\/privacy-policy\/","og_site_name":"Mango Mobile Agency","article_publisher":"https:\/\/www.facebook.com\/mangomobi","article_modified_time":"2025-02-03T10:13:50+00:00","twitter_card":"summary_large_image","twitter_site":"@showtime_mango","twitter_misc":{"Est. reading time":"3 minutes"},"schema":{"@context":"https:\/\/schema.org","@graph":[{"@type":"WebPage","@id":"https:\/\/mangomobi.com\/en\/privacy-policy\/","url":"https:\/\/mangomobi.com\/en\/privacy-policy\/","name":"Privacy Policy - Mango Mobile Agency","isPartOf":{"@id":"https:\/\/mangomobi.com\/en\/#website"},"datePublished":"2025-02-03T10:11:42+00:00","dateModified":"2025-02-03T10:13:50+00:00","breadcrumb":{"@id":"https:\/\/mangomobi.com\/en\/privacy-policy\/#breadcrumb"},"inLanguage":"en-US","potentialAction":[{"@type":"ReadAction","target":["https:\/\/mangomobi.com\/en\/privacy-policy\/"]}]},{"@type":"BreadcrumbList","@id":"https:\/\/mangomobi.com\/en\/privacy-policy\/#breadcrumb","itemListElement":[{"@type":"ListItem","position":1,"name":"Home","item":"https:\/\/mangomobi.com\/en\/mango-mobile-agency\/"},{"@type":"ListItem","position":2,"name":"Privacy Policy"}]},{"@type":"WebSite","@id":"https:\/\/mangomobi.com\/en\/#website","url":"https:\/\/mangomobi.com\/en\/","name":"Mango Mobile Agency","description":"tecnologia, design e comunicazione","potentialAction":[{"@type":"SearchAction","target":{"@type":"EntryPoint","urlTemplate":"https:\/\/mangomobi.com\/en\/?s={search_term_string}"},"query-input":{"@type":"PropertyValueSpecification","valueRequired":true,"valueName":"search_term_string"}}],"inLanguage":"en-US"}]}},"_links":{"self":[{"href":"https:\/\/mangomobi.com\/en\/wp-json\/wp\/v2\/pages\/9296","targetHints":{"allow":["GET"]}}],"collection":[{"href":"https:\/\/mangomobi.com\/en\/wp-json\/wp\/v2\/pages"}],"about":[{"href":"https:\/\/mangomobi.com\/en\/wp-json\/wp\/v2\/types\/page"}],"author":[{"embeddable":true,"href":"https:\/\/mangomobi.com\/en\/wp-json\/wp\/v2\/users\/1"}],"replies":[{"embeddable":true,"href":"https:\/\/mangomobi.com\/en\/wp-json\/wp\/v2\/comments?post=9296"}],"version-history":[{"count":4,"href":"https:\/\/mangomobi.com\/en\/wp-json\/wp\/v2\/pages\/9296\/revisions"}],"predecessor-version":[{"id":9301,"href":"https:\/\/mangomobi.com\/en\/wp-json\/wp\/v2\/pages\/9296\/revisions\/9301"}],"wp:attachment":[{"href":"https:\/\/mangomobi.com\/en\/wp-json\/wp\/v2\/media?parent=9296"}],"curies":[{"name":"wp","href":"https:\/\/api.w.org\/{rel}","templated":true}]}}